{"id":141,"date":"2025-11-27T09:36:42","date_gmt":"2025-11-27T09:36:42","guid":{"rendered":"https:\/\/campingmirage.it\/?page_id=141"},"modified":"2025-11-27T10:48:47","modified_gmt":"2025-11-27T10:48:47","slug":"tarife","status":"publish","type":"page","link":"https:\/\/campingmirage.it\/de\/tarife\/","title":{"rendered":"Tarife"},"content":{"rendered":"\n<h2 class=\"wp-block-heading\">Die offiziellen Preise des Camping Mirage<\/h2>\n\n\n\n<h3 class=\"wp-block-heading\">Camping<\/h3>\n\n\n\n<figure class=\"wp-block-table\"><table class=\"has-fixed-layout\"><thead><tr><th>&nbsp;<\/th><th>Vorsaison<br>01.04 | 31.0701.09 | 31.10<\/th><th>Hauptsaison<br>01.08 | 31.08<\/th><\/tr><\/thead><tbody><tr><td>PLATZ Wohnmobil, Caravan oder grosses Zelt (masse angeben)<\/td><td><strong>13,00 \u20ac<\/strong><\/td><td><strong>15,00 \u20ac<\/strong><\/td><\/tr><tr><td>PRO PERSON<\/td><td><strong>14,00 \u20ac<\/strong><\/td><td><strong>16,00 \u20ac<\/strong><\/td><\/tr><tr><td>KINDER bis 3 Jahre<\/td><td><strong>kostenlos<\/strong><\/td><td><strong>kostenlos<\/strong><\/td><\/tr><tr><td>KINDER von 3 bis 6 Jahren<\/td><td><strong>9,00 \u20ac<\/strong><\/td><td><strong>9,00 \u20ac<\/strong><\/td><\/tr><tr><td>KINDER von 7 bis 12 Jahren<\/td><td><strong>9,00 \u20ac<\/strong><\/td><td><strong>12,00 \u20ac<\/strong><\/td><\/tr><tr><td>KLEINES ZELT<\/td><td><strong>8,00 \u20ac<\/strong><\/td><td><strong>9,00 \u20ac<\/strong><\/td><\/tr><tr><td>AUTO<\/td><td><strong>8,00 \u20ac<\/strong><\/td><td><strong>10,00 \u20ac<\/strong><\/td><\/tr><tr><td>SCOOTER<\/td><td><strong>3,00 \u20ac<\/strong><\/td><td><strong>4,00 \u20ac<\/strong><\/td><\/tr><tr><td>HUND<\/td><td><strong>3,00 \u20ac<\/strong><\/td><td><strong>3,00 \u20ac<\/strong><\/td><\/tr><tr><td>BENUTZUNG DER ELEKTRISCHEN ANLAGEN<\/td><td><strong>5,00 \u20ac<\/strong><\/td><td><strong>5,00 \u20ac<\/strong><\/td><\/tr><\/tbody><\/table><\/figure>\n\n\n\n<p><strong>Im Juli und August werden mindestens 2 Eintritte bezahlt.<\/strong><\/p>\n\n\n\n<p>Die Preise enthalten keine&nbsp;<strong>Kurtaxe<\/strong>&nbsp;von 2 \u20ac pro Person und Nacht f\u00fcr maximal 7 N\u00e4chte. Minderj\u00e4hrige unter 18 Jahren sind von der Zahlung befreit.<\/p>\n","protected":false},"excerpt":{"rendered":"<p>Die offiziellen Preise des Camping Mirage Camping &nbsp; Vorsaison01.04 | 31.0701.09 | 31.10 Hauptsaison01.08 | 31.08 PLATZ Wohnmobil, Caravan oder grosses Zelt (masse angeben) 13,00 \u20ac 15,00 \u20ac PRO PERSON 14,00 \u20ac 16,00 \u20ac KINDER bis 3 Jahre kostenlos kostenlos KINDER von 3 bis 6 Jahren 9,00 \u20ac 9,00 \u20ac KINDER von 7 bis 12 [&hellip;]<\/p>\n","protected":false},"author":1,"featured_media":0,"parent":0,"menu_order":0,"comment_status":"closed","ping_status":"closed","template":"","meta":{"footnotes":""},"class_list":["post-141","page","type-page","status-publish","hentry"],"_hostinger_reach_plugin_has_subscription_block":false,"_hostinger_reach_plugin_is_elementor":false,"_links":{"self":[{"href":"https:\/\/campingmirage.it\/de\/wp-json\/wp\/v2\/pages\/141","targetHints":{"allow":["GET"]}}],"collection":[{"href":"https:\/\/campingmirage.it\/de\/wp-json\/wp\/v2\/pages"}],"about":[{"href":"https:\/\/campingmirage.it\/de\/wp-json\/wp\/v2\/types\/page"}],"author":[{"embeddable":true,"href":"https:\/\/campingmirage.it\/de\/wp-json\/wp\/v2\/users\/1"}],"replies":[{"embeddable":true,"href":"https:\/\/campingmirage.it\/de\/wp-json\/wp\/v2\/comments?post=141"}],"version-history":[{"count":1,"href":"https:\/\/campingmirage.it\/de\/wp-json\/wp\/v2\/pages\/141\/revisions"}],"predecessor-version":[{"id":142,"href":"https:\/\/campingmirage.it\/de\/wp-json\/wp\/v2\/pages\/141\/revisions\/142"}],"wp:attachment":[{"href":"https:\/\/campingmirage.it\/de\/wp-json\/wp\/v2\/media?parent=141"}],"curies":[{"name":"wp","href":"https:\/\/api.w.org\/{rel}","templated":true}]}}