{"id":133,"date":"2025-11-27T09:34:24","date_gmt":"2025-11-27T09:34:24","guid":{"rendered":"https:\/\/campingmirage.it\/?page_id=133"},"modified":"2025-11-27T10:46:11","modified_gmt":"2025-11-27T10:46:11","slug":"die-dienstleistungen","status":"publish","type":"page","link":"https:\/\/campingmirage.it\/de\/der-campingplatz\/die-dienstleistungen\/","title":{"rendered":"Die Dienstleistungen"},"content":{"rendered":"\n<h2 class=\"wp-block-heading\">Wir haben alles, was es Ihnen ein gutes Gef\u00fchl zu machen braucht .<\/h2>\n\n\n\n<ul class=\"wp-block-list\">\n<li>50 im Durchschnitt ca. 30 qm gro\u00dfe Stellpl\u00e4tze, die umz\u00e4unt sind und denen Eukalyptusb\u00e4ume Schatten spenden\u00a0<\/li>\n\n\n\n<li>S\u00e4ulen mit Euro Steckdosen<\/li>\n\n\n\n<li>warme und kalte Duschen<\/li>\n\n\n\n<li>Automatikwaschmaschine<\/li>\n\n\n\n<li>W\u00e4schereiraum<\/li>\n\n\n\n<li>bewachter Parkplatz<\/li>\n\n\n\n<li>Ping-Pong<\/li>\n\n\n\n<li>Bar<\/li>\n\n\n\n<li>Restaurant<\/li>\n\n\n\n<li>Imbi\u00dfstube<\/li>\n<\/ul>\n\n\n\n<p><strong>Anlandungsverbot<\/strong><\/p>\n\n\n\n<p>Wir m\u00f6chten darauf hinweisen, dass das Verbot der Landung auf Ischia ausschlie\u00dflich Fahrzeuge in Bezug auf von den Bewohnern in der Region Kampanien im Besitz . Nicht- Bewohner in der Region Kampanien sind wahrscheinlich mit ihren Autos w\u00e4hrend des ganzen Jahres , ohne jede Einschr\u00e4nkung zu landen.<\/p>\n","protected":false},"excerpt":{"rendered":"<p>Wir haben alles, was es Ihnen ein gutes Gef\u00fchl zu machen braucht . Anlandungsverbot Wir m\u00f6chten darauf hinweisen, dass das Verbot der Landung auf Ischia ausschlie\u00dflich Fahrzeuge in Bezug auf von den Bewohnern in der Region Kampanien im Besitz . Nicht- Bewohner in der Region Kampanien sind wahrscheinlich mit ihren Autos w\u00e4hrend des ganzen Jahres [&hellip;]<\/p>\n","protected":false},"author":1,"featured_media":0,"parent":121,"menu_order":0,"comment_status":"closed","ping_status":"closed","template":"","meta":{"footnotes":""},"class_list":["post-133","page","type-page","status-publish","hentry"],"_hostinger_reach_plugin_has_subscription_block":false,"_hostinger_reach_plugin_is_elementor":false,"_links":{"self":[{"href":"https:\/\/campingmirage.it\/de\/wp-json\/wp\/v2\/pages\/133","targetHints":{"allow":["GET"]}}],"collection":[{"href":"https:\/\/campingmirage.it\/de\/wp-json\/wp\/v2\/pages"}],"about":[{"href":"https:\/\/campingmirage.it\/de\/wp-json\/wp\/v2\/types\/page"}],"author":[{"embeddable":true,"href":"https:\/\/campingmirage.it\/de\/wp-json\/wp\/v2\/users\/1"}],"replies":[{"embeddable":true,"href":"https:\/\/campingmirage.it\/de\/wp-json\/wp\/v2\/comments?post=133"}],"version-history":[{"count":1,"href":"https:\/\/campingmirage.it\/de\/wp-json\/wp\/v2\/pages\/133\/revisions"}],"predecessor-version":[{"id":134,"href":"https:\/\/campingmirage.it\/de\/wp-json\/wp\/v2\/pages\/133\/revisions\/134"}],"up":[{"embeddable":true,"href":"https:\/\/campingmirage.it\/de\/wp-json\/wp\/v2\/pages\/121"}],"wp:attachment":[{"href":"https:\/\/campingmirage.it\/de\/wp-json\/wp\/v2\/media?parent=133"}],"curies":[{"name":"wp","href":"https:\/\/api.w.org\/{rel}","templated":true}]}}