{"id":101,"date":"2025-11-26T12:57:51","date_gmt":"2025-11-26T12:57:51","guid":{"rendered":"https:\/\/campingmirage.it\/startseite\/"},"modified":"2025-12-19T12:26:53","modified_gmt":"2025-12-19T12:26:53","slug":"startseite","status":"publish","type":"page","link":"https:\/\/campingmirage.it\/de\/","title":{"rendered":"Startseite"},"content":{"rendered":"\n<div class=\"wp-block-cover alignfull\"><img loading=\"lazy\" decoding=\"async\" width=\"1024\" height=\"683\" class=\"wp-block-cover__image-background wp-image-43 size-large\" alt=\"\" src=\"https:\/\/campingmirage.it\/wp-content\/uploads\/2025\/11\/ischia-camping-mirage-struttura-01-1024x683.jpg\" data-object-fit=\"cover\" srcset=\"https:\/\/campingmirage.it\/wp-content\/uploads\/2025\/11\/ischia-camping-mirage-struttura-01-1024x683.jpg 1024w, https:\/\/campingmirage.it\/wp-content\/uploads\/2025\/11\/ischia-camping-mirage-struttura-01-300x200.jpg 300w, https:\/\/campingmirage.it\/wp-content\/uploads\/2025\/11\/ischia-camping-mirage-struttura-01-768x512.jpg 768w, https:\/\/campingmirage.it\/wp-content\/uploads\/2025\/11\/ischia-camping-mirage-struttura-01.jpg 1200w\" sizes=\"auto, (max-width: 1024px) 100vw, 1024px\" \/><span aria-hidden=\"true\" class=\"wp-block-cover__background has-background-dim-70 has-background-dim\" style=\"background-color:#72726c\"><\/span><div class=\"wp-block-cover__inner-container has-global-padding is-layout-constrained wp-block-cover-is-layout-constrained\">\n<div class=\"wp-block-group alignfull has-global-padding is-layout-constrained wp-block-group-is-layout-constrained\">\n<h1 class=\"wp-block-heading has-text-align-center has-large-font-size\" style=\"font-style:normal;font-weight:500\">Camping Mirage Ischia<\/h1>\n\n\n\n<div style=\"height:100px\" aria-hidden=\"true\" class=\"wp-block-spacer\"><\/div>\n\n\n\n<p class=\"has-text-align-center has-lg-font-size\">Liebe G\u00e4ste,<br>nach 50 Jahren Gastfreundschaft und gemeinsamen Erinnerungen schlie\u00dft unser Campingplatz leider seine Pforten.<br>Wir m\u00f6chten Ihnen herzlich f\u00fcr Ihr Vertrauen, Ihre Treue und Ihre Zuneigung danken, die Sie uns im Laufe der Jahre entgegengebracht haben.<br>Es war uns eine Ehre, Sie bei uns begr\u00fc\u00dfen zu d\u00fcrfen und unvergessliche Momente mit Ihnen zu teilen.<br>Vielen Dank, dass Sie Teil unserer Geschichte waren.<br>Mit aufrichtiger Dankbarkeit,<\/p>\n\n\n\n<div style=\"height:100px\" aria-hidden=\"true\" class=\"wp-block-spacer\"><\/div>\n\n\n\n<p class=\"has-text-align-center has-lg-font-size\"><em>Familie Conte<\/em><\/p>\n<\/div>\n<\/div><\/div>\n","protected":false},"excerpt":{"rendered":"","protected":false},"author":1,"featured_media":0,"parent":0,"menu_order":0,"comment_status":"closed","ping_status":"closed","template":"","meta":{"footnotes":""},"class_list":["post-101","page","type-page","status-publish","hentry"],"_hostinger_reach_plugin_has_subscription_block":false,"_hostinger_reach_plugin_is_elementor":false,"_links":{"self":[{"href":"https:\/\/campingmirage.it\/de\/wp-json\/wp\/v2\/pages\/101","targetHints":{"allow":["GET"]}}],"collection":[{"href":"https:\/\/campingmirage.it\/de\/wp-json\/wp\/v2\/pages"}],"about":[{"href":"https:\/\/campingmirage.it\/de\/wp-json\/wp\/v2\/types\/page"}],"author":[{"embeddable":true,"href":"https:\/\/campingmirage.it\/de\/wp-json\/wp\/v2\/users\/1"}],"replies":[{"embeddable":true,"href":"https:\/\/campingmirage.it\/de\/wp-json\/wp\/v2\/comments?post=101"}],"version-history":[{"count":5,"href":"https:\/\/campingmirage.it\/de\/wp-json\/wp\/v2\/pages\/101\/revisions"}],"predecessor-version":[{"id":155,"href":"https:\/\/campingmirage.it\/de\/wp-json\/wp\/v2\/pages\/101\/revisions\/155"}],"wp:attachment":[{"href":"https:\/\/campingmirage.it\/de\/wp-json\/wp\/v2\/media?parent=101"}],"curies":[{"name":"wp","href":"https:\/\/api.w.org\/{rel}","templated":true}]}}